{"id":492428,"date":"2020-07-08T10:50:03","date_gmt":"2020-07-08T08:50:03","guid":{"rendered":"https:\/\/www.az-vitamins.com\/herroepingsrecht\/"},"modified":"2020-07-08T10:50:03","modified_gmt":"2020-07-08T08:50:03","slug":"herroepingsrecht","status":"publish","type":"page","link":"https:\/\/www.az-vitamins.com\/nl\/herroepingsrecht\/","title":{"rendered":"Herroepingsrecht"},"content":{"rendered":"<div id=\"pl-492428\"  class=\"panel-layout\" ><div id=\"pg-492428-0\"  class=\"panel-grid panel-no-style\" ><div id=\"pgc-492428-0-0\"  class=\"panel-grid-cell\" ><div id=\"panel-492428-0-0-0\" class=\"widget_text so-panel widget widget_custom_html panel-first-child panel-last-child\" data-index=\"0\" ><div class=\"textwidget custom-html-widget\"><div style=\"margin: 20px 3.5% 40px;\">\n<p>U kunt uw contractuele verklaring binnen 14 dagen in tekstvorm (bijv. brief, fax, e-mail) zonder opgave van redenen herroepen of - als het artikel voor de deadline aan u wordt overgelaten - door het artikel terug te sturen. De termijn begint na ontvangst van deze instructie in tekstvorm, maar niet v\u00f3\u00f3r ontvangst van de goederen door de ontvanger (in het geval van herhaalde leveringen van soortgelijke goederen niet v\u00f3\u00f3r ontvangst van de eerste deellevering) en niet voordat wij aan onze informatieverplichtingen hebben voldaan overeenkomstig artikel 246 \u00a7 2 juncto \u00a7 1 par. 1 en 2 EGBGB evenals onze verplichtingen volgens \u00a7 312e Abs. 1 zin 1 BGB juncto artikel 246 \u00a7 3 EGBGB. De tijdige verzending van de herroeping of het artikel is voldoende om de herroepingstermijn te halen. De herroeping moet worden gestuurd naar:<br> <br> <strong>AZ VITAMINS LLC<\/strong><br>Trolley Vierkante Suite 20C<br>Wilmington<br>Delaware 19806<br>staat Delaware<br>de Verenigde Staten van Amerika<br><p>Tel: 0800-186-0130<br> E-mail: contact@az-vitamins.com<\/p><p>\nRegistratienummer: 5188074 <br>EEN: 99-0378929 <br> <br> <strong>Gevolgen van herroeping<\/strong><br> <br> In het geval van een effectieve herroeping, moeten de door beide partijen ontvangen diensten worden teruggegeven en eventuele voordelen (bijv. rente) worden afgestaan. Als u de ontvangen dienst niet geheel of gedeeltelijk aan ons kunt retourneren, of alleen in een verslechterde staat, moet u ons mogelijk een vergoeding voor de waarde betalen. Dit geldt niet voor het inleveren van artikelen als de verslechtering van het artikel uitsluitend te wijten is aan hun inspectie - zoals u in een winkel zou hebben kunnen doen. Bovendien kunt u de verplichting tot schadevergoeding voor een verslechtering veroorzaakt door het beoogde gebruik van het artikel vermijden door het artikel niet te gebruiken alsof het uw eigendom is en zich te onthouden van alles wat de waarde ervan zou verminderen. Verplaatsbare artikelen worden op ons risico geretourneerd. De klant moet de kosten van het terugzenden dragen. Artikelen die niet per pakket kunnen worden verzonden, worden bij u opgehaald. Aan verplichtingen tot terugbetaling van betalingen moet binnen 30 dagen worden voldaan. De termijn begint voor u met de verzending van uw herroepingsverklaring of het artikel, voor ons met de ontvangst ervan.<\/p>\n<\/div><\/div><\/div><\/div><\/div><\/div>","protected":false},"excerpt":{"rendered":"<p>U kunt uw contractuele verklaring binnen 14 dagen in tekstvorm (bijv. brief, fax, e-mail) zonder opgave van redenen herroepen of &#8211; als het artikel voor de deadline aan u wordt overgelaten &#8211; door het artikel terug te sturen. De termijn begint na ontvangst van deze instructie in tekstvorm, maar niet v\u00f3\u00f3r ontvangst van de goederen [&hellip;]<\/p>\n","protected":false},"author":1,"featured_media":0,"parent":0,"menu_order":0,"comment_status":"closed","ping_status":"closed","template":"","meta":{"footnotes":""},"class_list":["post-492428","page","type-page","status-publish","hentry"],"_links":{"self":[{"href":"https:\/\/www.az-vitamins.com\/nl\/wp-json\/wp\/v2\/pages\/492428","targetHints":{"allow":["GET"]}}],"collection":[{"href":"https:\/\/www.az-vitamins.com\/nl\/wp-json\/wp\/v2\/pages"}],"about":[{"href":"https:\/\/www.az-vitamins.com\/nl\/wp-json\/wp\/v2\/types\/page"}],"author":[{"embeddable":true,"href":"https:\/\/www.az-vitamins.com\/nl\/wp-json\/wp\/v2\/users\/1"}],"replies":[{"embeddable":true,"href":"https:\/\/www.az-vitamins.com\/nl\/wp-json\/wp\/v2\/comments?post=492428"}],"version-history":[{"count":0,"href":"https:\/\/www.az-vitamins.com\/nl\/wp-json\/wp\/v2\/pages\/492428\/revisions"}],"wp:attachment":[{"href":"https:\/\/www.az-vitamins.com\/nl\/wp-json\/wp\/v2\/media?parent=492428"}],"curies":[{"name":"wp","href":"https:\/\/api.w.org\/{rel}","templated":true}]}}